{"id":39,"date":"2024-12-08T16:30:43","date_gmt":"2024-12-08T16:30:43","guid":{"rendered":"http:\/\/rundumnatuerlich.de\/?page_id=39"},"modified":"2025-12-07T10:41:01","modified_gmt":"2025-12-07T09:41:01","slug":"maintenance-page","status":"publish","type":"page","link":"https:\/\/rundumnatuerlich.de\/","title":{"rendered":"Rundum nat\u00fcrlich"},"content":{"rendered":"\n<div id=\"wp-block-themeisle-blocks-advanced-columns-53e22743\" class=\"wp-block-themeisle-blocks-advanced-columns alignfull has-1-columns has-desktop-equal-layout has-tablet-equal-layout has-mobile-equal-layout has-vertical-unset has-light-bg\"><div class=\"wp-block-themeisle-blocks-advanced-columns-overlay\"><\/div><div class=\"innerblocks-wrap\">\n<div id=\"wp-block-themeisle-blocks-advanced-column-f2a31680\" class=\"wp-block-themeisle-blocks-advanced-column\">\n<figure class=\"wp-block-image aligncenter size-full is-resized\"><img loading=\"lazy\" decoding=\"async\" width=\"209\" height=\"217\" src=\"https:\/\/rundumnatuerlich.de\/wp-content\/uploads\/2024\/12\/SandraLogoAbrechnungsprogramm.png\" alt=\"\" class=\"wp-image-46\" style=\"width:100px;height:auto\"\/><\/figure>\n\n\n\n<div style=\"height:100px\" aria-hidden=\"true\" class=\"wp-block-spacer\"><\/div>\n\n\n\n<h1 id=\"wp-block-themeisle-blocks-advanced-heading-c02b787b\" class=\"wp-block-themeisle-blocks-advanced-heading wp-block-themeisle-blocks-advanced-heading-c02b787b\">Hebamme &amp; Heilpraktikerin<\/h1>\n\n\n\n<div style=\"height:40px\" aria-hidden=\"true\" class=\"wp-block-spacer\"><\/div>\n\n\n\n<p id=\"wp-block-themeisle-blocks-advanced-heading-274a78be\" class=\"wp-block-themeisle-blocks-advanced-heading wp-block-themeisle-blocks-advanced-heading-274a78be\">Sandra Gr\u00fcnenwald<\/p>\n\n\n\n<div style=\"height:100px\" aria-hidden=\"true\" class=\"wp-block-spacer\"><\/div>\n\n\n\n<div class=\"wp-block-media-text is-stacked-on-mobile\" style=\"grid-template-columns:31% auto\"><figure class=\"wp-block-media-text__media\"><img loading=\"lazy\" decoding=\"async\" width=\"318\" height=\"405\" src=\"https:\/\/rundumnatuerlich.de\/wp-content\/uploads\/2024\/11\/b2kgz2oj.png\" alt=\"\" class=\"wp-image-14 size-full\" srcset=\"https:\/\/rundumnatuerlich.de\/wp-content\/uploads\/2024\/11\/b2kgz2oj.png 318w, https:\/\/rundumnatuerlich.de\/wp-content\/uploads\/2024\/11\/b2kgz2oj-236x300.png 236w\" sizes=\"auto, (max-width: 318px) 100vw, 318px\" \/><\/figure><div class=\"wp-block-media-text__content\">\n<p>Ich begleite dich gerne vom Beginn deiner Schwangerschaft bis hinein in die Familienzeit. <br><br>Ich bin Hebamme seit 2011 und begleite seitdem Frauen und Familien durch die Zeit der Schwangerschaft, betreute \u00fcber 10 Jahre au\u00dferklinische Geburten und begleite durch das Wochenbett und die gesamte Stillzeit. <br>Dabei liegt mir neben einer fachlich kompetenten Unterst\u00fctzung eine bed\u00fcrfnisorientierte Begleitung am Herzen. <\/p>\n<\/div><\/div>\n\n\n\n<p>Im Folgenden erh\u00e4ltst du einen kurzen \u00dcberblick \u00fcber die Schwerpunkte meiner Arbeit. <\/p>\n\n\n\n<div style=\"height:40px\" aria-hidden=\"true\" class=\"wp-block-spacer\"><\/div>\n\n\n\n<div id=\"wp-block-themeisle-blocks-advanced-columns-88adf4bd\" class=\"wp-block-themeisle-blocks-advanced-columns has-2-columns has-desktop-equal-layout has-tablet-equal-layout has-mobile-collapsedRows-layout has-vertical-unset\"><div class=\"wp-block-themeisle-blocks-advanced-columns-overlay\"><\/div><div class=\"innerblocks-wrap\">\n<div id=\"wp-block-themeisle-blocks-advanced-column-47ac8a81\" class=\"wp-block-themeisle-blocks-advanced-column has-light-bg\">\n<h3 id=\"wp-block-themeisle-blocks-advanced-heading-f271f9bc\" class=\"wp-block-themeisle-blocks-advanced-heading wp-block-themeisle-blocks-advanced-heading-f271f9bc\">Hebamment\u00e4tigkeit:<\/h3>\n\n\n\n<h2 id=\"wp-block-themeisle-blocks-advanced-heading-31ae7ebb\" class=\"wp-block-themeisle-blocks-advanced-heading wp-block-themeisle-blocks-advanced-heading-31ae7ebb\">&#8211; Begleitung in der Schwangerschaft<br>&#8211; Geburtsvorbereitung<br>&#8211; Wochenbettbetreuung<br>&#8211; Still- und Beikostberatung<br>&#8211; Beckenbodentraining<\/h2>\n\n\n\n<p id=\"wp-block-themeisle-blocks-advanced-heading-2c98c082\" class=\"wp-block-themeisle-blocks-advanced-heading wp-block-themeisle-blocks-advanced-heading-2c98c082\"><\/p>\n<\/div>\n\n\n\n<div id=\"wp-block-themeisle-blocks-advanced-column-b330f5d3\" class=\"wp-block-themeisle-blocks-advanced-column has-light-bg\">\n<h3 id=\"wp-block-themeisle-blocks-advanced-heading-ab8c7718\" class=\"wp-block-themeisle-blocks-advanced-heading wp-block-themeisle-blocks-advanced-heading-ab8c7718\">Frauenheilkunde:<\/h3>\n\n\n\n<h2 id=\"wp-block-themeisle-blocks-advanced-heading-87f98dad\" class=\"wp-block-themeisle-blocks-advanced-heading wp-block-themeisle-blocks-advanced-heading-87f98dad\">&#8211; Fu\u00dfreflexzonentherapie<br>&#8211; Haptonomie<br>&#8211; Begleitung bei Kinderwunsch<br>&#8211; Begleitung bei und nach &#8222;Kleinen Geburten&#8220;<br>&#8211; Unterst\u00fctzung des hormonellen Gleichgewichts<\/h2>\n\n\n\n<p id=\"wp-block-themeisle-blocks-advanced-heading-ceed3dbe\" class=\"wp-block-themeisle-blocks-advanced-heading wp-block-themeisle-blocks-advanced-heading-ceed3dbe\"><\/p>\n<\/div>\n<\/div><\/div>\n<\/div>\n<\/div><\/div>\n\n\n\n<div id=\"rsvp\" class=\"wp-block-themeisle-blocks-advanced-columns alignfull has-1-columns has-desktop-equal-layout has-tablet-equal-layout has-mobile-equal-layout has-vertical-unset has-dark-bg\"><div class=\"wp-block-themeisle-blocks-advanced-columns-overlay\"><\/div><div class=\"innerblocks-wrap\">\n<div id=\"wp-block-themeisle-blocks-advanced-column-cd0cb076\" class=\"wp-block-themeisle-blocks-advanced-column\">\n<p id=\"wp-block-themeisle-blocks-advanced-heading-0a55a5d2\" class=\"wp-block-themeisle-blocks-advanced-heading wp-block-themeisle-blocks-advanced-heading-0a55a5d2\">Du m\u00f6chtest mich kontaktieren?<br>Telefon: (+49) 7457 9343116<br>Mail: praxis@rundumnatuerlich.de<\/p>\n<\/div>\n<\/div><\/div>\n","protected":false},"excerpt":{"rendered":"","protected":false},"author":1,"featured_media":45,"parent":0,"menu_order":0,"comment_status":"closed","ping_status":"closed","template":"templates\/wpmm-page-template.php","meta":{"_themeisle_gutenberg_block_has_review":false,"footnotes":""},"class_list":["post-39","page","type-page","status-publish","has-post-thumbnail","hentry"],"_links":{"self":[{"href":"https:\/\/rundumnatuerlich.de\/index.php?rest_route=\/wp\/v2\/pages\/39","targetHints":{"allow":["GET"]}}],"collection":[{"href":"https:\/\/rundumnatuerlich.de\/index.php?rest_route=\/wp\/v2\/pages"}],"about":[{"href":"https:\/\/rundumnatuerlich.de\/index.php?rest_route=\/wp\/v2\/types\/page"}],"author":[{"embeddable":true,"href":"https:\/\/rundumnatuerlich.de\/index.php?rest_route=\/wp\/v2\/users\/1"}],"replies":[{"embeddable":true,"href":"https:\/\/rundumnatuerlich.de\/index.php?rest_route=%2Fwp%2Fv2%2Fcomments&post=39"}],"version-history":[{"count":14,"href":"https:\/\/rundumnatuerlich.de\/index.php?rest_route=\/wp\/v2\/pages\/39\/revisions"}],"predecessor-version":[{"id":65,"href":"https:\/\/rundumnatuerlich.de\/index.php?rest_route=\/wp\/v2\/pages\/39\/revisions\/65"}],"wp:featuredmedia":[{"embeddable":true,"href":"https:\/\/rundumnatuerlich.de\/index.php?rest_route=\/wp\/v2\/media\/45"}],"wp:attachment":[{"href":"https:\/\/rundumnatuerlich.de\/index.php?rest_route=%2Fwp%2Fv2%2Fmedia&parent=39"}],"curies":[{"name":"wp","href":"https:\/\/api.w.org\/{rel}","templated":true}]}}